{"id":728,"date":"2025-11-28T15:08:57","date_gmt":"2025-11-28T15:08:57","guid":{"rendered":"https:\/\/dev1teicocil.devdg.pt\/?page_id=728"},"modified":"2025-12-30T09:54:56","modified_gmt":"2025-12-30T09:54:56","slug":"catalogos","status":"publish","type":"page","link":"https:\/\/dev1teicocil.devdg.pt\/en\/catalogos\/","title":{"rendered":"Catalogs"},"content":{"rendered":"<div data-elementor-type=\"wp-page\" data-elementor-id=\"728\" class=\"elementor elementor-728\" data-elementor-post-type=\"page\">\n\t\t\t\t<div class=\"elementor-element elementor-element-795146ab e-flex e-con-boxed e-con e-parent\" data-id=\"795146ab\" data-element_type=\"container\" data-settings=\"{&quot;background_background&quot;:&quot;classic&quot;,&quot;ekit_has_onepagescroll_dot&quot;:&quot;yes&quot;}\">\n\t\t\t\t\t<div class=\"e-con-inner\">\n\t\t<div class=\"elementor-element elementor-element-a1eca17 e-flex e-con-boxed e-con e-child\" data-id=\"a1eca17\" data-element_type=\"container\" data-settings=\"{&quot;ekit_has_onepagescroll_dot&quot;:&quot;yes&quot;}\">\n\t\t\t\t\t<div class=\"e-con-inner\">\n\t\t<div class=\"elementor-element elementor-element-b0b3a9a e-grid e-con-full e-con e-child\" data-id=\"b0b3a9a\" data-element_type=\"container\" data-settings=\"{&quot;ekit_has_onepagescroll_dot&quot;:&quot;yes&quot;}\">\n\t\t\t\t<div class=\"elementor-element elementor-element-69eaf10 elementor-position-top elementor-widget elementor-widget-image-box\" data-id=\"69eaf10\" data-element_type=\"widget\" data-settings=\"{&quot;ekit_we_effect_on&quot;:&quot;none&quot;}\" data-widget_type=\"image-box.default\">\n\t\t\t\t\t<div class=\"elementor-image-box-wrapper\"><figure class=\"elementor-image-box-img\"><a href=\"\/wp-content\/uploads\/Catalogo_Ed24.pdf\" tabindex=\"-1\"><img fetchpriority=\"high\" decoding=\"async\" width=\"924\" height=\"924\" src=\"https:\/\/dev1teicocil.devdg.pt\/wp-content\/uploads\/Catalogo-Mini-Icon-Teicocil.png\" class=\"attachment-full size-full wp-image-173\" alt=\"\" srcset=\"https:\/\/dev1teicocil.devdg.pt\/wp-content\/uploads\/Catalogo-Mini-Icon-Teicocil.png 924w, https:\/\/dev1teicocil.devdg.pt\/wp-content\/uploads\/Catalogo-Mini-Icon-Teicocil-300x300.png 300w, https:\/\/dev1teicocil.devdg.pt\/wp-content\/uploads\/Catalogo-Mini-Icon-Teicocil-150x150.png 150w, https:\/\/dev1teicocil.devdg.pt\/wp-content\/uploads\/Catalogo-Mini-Icon-Teicocil-768x768.png 768w\" sizes=\"(max-width: 924px) 100vw, 924px\" \/><\/a><\/figure><div class=\"elementor-image-box-content\"><h3 class=\"elementor-image-box-title\"><a href=\"\/wp-content\/uploads\/Catalogo_Ed24.pdf\">General Catalog<\/a><\/h3><\/div><\/div>\t\t\t\t<\/div>\n\t\t\t\t<div class=\"elementor-element elementor-element-7e306e8 elementor-position-top elementor-widget elementor-widget-image-box\" data-id=\"7e306e8\" data-element_type=\"widget\" data-settings=\"{&quot;ekit_we_effect_on&quot;:&quot;none&quot;}\" data-widget_type=\"image-box.default\">\n\t\t\t\t\t<div class=\"elementor-image-box-wrapper\"><figure class=\"elementor-image-box-img\"><a href=\"\/en\/catalogos\/novidades\/\" tabindex=\"-1\"><img decoding=\"async\" width=\"924\" height=\"924\" src=\"https:\/\/dev1teicocil.devdg.pt\/wp-content\/uploads\/Catalogo-novidades-Icon-Teicocil.png\" class=\"attachment-full size-full wp-image-174\" alt=\"\" srcset=\"https:\/\/dev1teicocil.devdg.pt\/wp-content\/uploads\/Catalogo-novidades-Icon-Teicocil.png 924w, https:\/\/dev1teicocil.devdg.pt\/wp-content\/uploads\/Catalogo-novidades-Icon-Teicocil-300x300.png 300w, https:\/\/dev1teicocil.devdg.pt\/wp-content\/uploads\/Catalogo-novidades-Icon-Teicocil-150x150.png 150w, https:\/\/dev1teicocil.devdg.pt\/wp-content\/uploads\/Catalogo-novidades-Icon-Teicocil-768x768.png 768w\" sizes=\"(max-width: 924px) 100vw, 924px\" \/><\/a><\/figure><div class=\"elementor-image-box-content\"><h3 class=\"elementor-image-box-title\"><a href=\"\/en\/catalogos\/novidades\/\">News<\/a><\/h3><\/div><\/div>\t\t\t\t<\/div>\n\t\t\t\t<\/div>\n\t\t\t\t\t<\/div>\n\t\t\t\t<\/div>\n\t\t\t\t\t<\/div>\n\t\t\t\t<\/div>\n\t\t<div class=\"elementor-element elementor-element-4d6aa7a e-flex e-con-boxed e-con e-parent\" data-id=\"4d6aa7a\" data-element_type=\"container\" data-settings=\"{&quot;ekit_has_onepagescroll_dot&quot;:&quot;yes&quot;}\">\n\t\t\t\t\t<div class=\"e-con-inner\">\n\t\t\t\t<div class=\"elementor-element elementor-element-1660c70 elementor-widget elementor-widget-heading\" data-id=\"1660c70\" data-element_type=\"widget\" data-settings=\"{&quot;ekit_we_effect_on&quot;:&quot;none&quot;}\" data-widget_type=\"heading.default\">\n\t\t\t\t\t<h2 class=\"elementor-heading-title elementor-size-default\">Catalogs<\/h2>\t\t\t\t<\/div>\n\t\t\t\t\t<\/div>\n\t\t\t\t<\/div>\n\t\t<div class=\"elementor-element elementor-element-6ee87a5 e-grid e-con-boxed e-con e-parent\" data-id=\"6ee87a5\" data-element_type=\"container\" data-settings=\"{&quot;ekit_has_onepagescroll_dot&quot;:&quot;yes&quot;}\">\n\t\t\t\t\t<div class=\"e-con-inner\">\n\t\t\t\t<div class=\"elementor-element elementor-element-81d9c3f elementor-position-top elementor-widget elementor-widget-image-box\" data-id=\"81d9c3f\" data-element_type=\"widget\" data-settings=\"{&quot;ekit_we_effect_on&quot;:&quot;none&quot;}\" data-widget_type=\"image-box.default\">\n\t\t\t\t\t<div class=\"elementor-image-box-wrapper\"><figure class=\"elementor-image-box-img\"><a href=\"\/en\/ferragens\/\" tabindex=\"-1\"><img decoding=\"async\" width=\"2500\" height=\"2500\" src=\"https:\/\/dev1teicocil.devdg.pt\/wp-content\/uploads\/Capa_1_Ferragens.png\" class=\"attachment-full size-full wp-image-736\" alt=\"\" srcset=\"https:\/\/dev1teicocil.devdg.pt\/wp-content\/uploads\/Capa_1_Ferragens.png 2500w, https:\/\/dev1teicocil.devdg.pt\/wp-content\/uploads\/Capa_1_Ferragens-300x300.png 300w, https:\/\/dev1teicocil.devdg.pt\/wp-content\/uploads\/Capa_1_Ferragens-1024x1024.png 1024w, https:\/\/dev1teicocil.devdg.pt\/wp-content\/uploads\/Capa_1_Ferragens-150x150.png 150w, https:\/\/dev1teicocil.devdg.pt\/wp-content\/uploads\/Capa_1_Ferragens-768x768.png 768w, https:\/\/dev1teicocil.devdg.pt\/wp-content\/uploads\/Capa_1_Ferragens-1536x1536.png 1536w, https:\/\/dev1teicocil.devdg.pt\/wp-content\/uploads\/Capa_1_Ferragens-2048x2048.png 2048w\" sizes=\"(max-width: 2500px) 100vw, 2500px\" \/><\/a><\/figure><div class=\"elementor-image-box-content\"><h3 class=\"elementor-image-box-title\"><a href=\"\/en\/ferragens\/\">Hardware<\/a><\/h3><\/div><\/div>\t\t\t\t<\/div>\n\t\t\t\t<div class=\"elementor-element elementor-element-78d87af elementor-position-top elementor-widget elementor-widget-image-box\" data-id=\"78d87af\" data-element_type=\"widget\" data-settings=\"{&quot;ekit_we_effect_on&quot;:&quot;none&quot;}\" data-widget_type=\"image-box.default\">\n\t\t\t\t\t<div class=\"elementor-image-box-wrapper\"><figure class=\"elementor-image-box-img\"><a href=\"\/en\/ferragens-p-aluminio\/\" tabindex=\"-1\"><img loading=\"lazy\" decoding=\"async\" width=\"2500\" height=\"2500\" src=\"https:\/\/dev1teicocil.devdg.pt\/wp-content\/uploads\/Capa_2_Ferrag-p-Aluminio.png\" class=\"attachment-full size-full wp-image-735\" alt=\"\" srcset=\"https:\/\/dev1teicocil.devdg.pt\/wp-content\/uploads\/Capa_2_Ferrag-p-Aluminio.png 2500w, https:\/\/dev1teicocil.devdg.pt\/wp-content\/uploads\/Capa_2_Ferrag-p-Aluminio-300x300.png 300w, https:\/\/dev1teicocil.devdg.pt\/wp-content\/uploads\/Capa_2_Ferrag-p-Aluminio-1024x1024.png 1024w, https:\/\/dev1teicocil.devdg.pt\/wp-content\/uploads\/Capa_2_Ferrag-p-Aluminio-150x150.png 150w, https:\/\/dev1teicocil.devdg.pt\/wp-content\/uploads\/Capa_2_Ferrag-p-Aluminio-768x768.png 768w, https:\/\/dev1teicocil.devdg.pt\/wp-content\/uploads\/Capa_2_Ferrag-p-Aluminio-1536x1536.png 1536w, https:\/\/dev1teicocil.devdg.pt\/wp-content\/uploads\/Capa_2_Ferrag-p-Aluminio-2048x2048.png 2048w\" sizes=\"(max-width: 2500px) 100vw, 2500px\" \/><\/a><\/figure><div class=\"elementor-image-box-content\"><h3 class=\"elementor-image-box-title\"><a href=\"\/en\/ferragens-p-aluminio\/\">Aluminum Hardware<\/a><\/h3><\/div><\/div>\t\t\t\t<\/div>\n\t\t\t\t<div class=\"elementor-element elementor-element-bf2650c elementor-position-top elementor-widget elementor-widget-image-box\" data-id=\"bf2650c\" data-element_type=\"widget\" data-settings=\"{&quot;ekit_we_effect_on&quot;:&quot;none&quot;}\" data-widget_type=\"image-box.default\">\n\t\t\t\t\t<div class=\"elementor-image-box-wrapper\"><figure class=\"elementor-image-box-img\"><a href=\"\/en\/cofres\/\" tabindex=\"-1\"><img loading=\"lazy\" decoding=\"async\" width=\"2500\" height=\"2500\" src=\"https:\/\/dev1teicocil.devdg.pt\/wp-content\/uploads\/Capa_3_Cofres.png\" class=\"attachment-full size-full wp-image-744\" alt=\"\" srcset=\"https:\/\/dev1teicocil.devdg.pt\/wp-content\/uploads\/Capa_3_Cofres.png 2500w, https:\/\/dev1teicocil.devdg.pt\/wp-content\/uploads\/Capa_3_Cofres-300x300.png 300w, https:\/\/dev1teicocil.devdg.pt\/wp-content\/uploads\/Capa_3_Cofres-1024x1024.png 1024w, https:\/\/dev1teicocil.devdg.pt\/wp-content\/uploads\/Capa_3_Cofres-150x150.png 150w, https:\/\/dev1teicocil.devdg.pt\/wp-content\/uploads\/Capa_3_Cofres-768x768.png 768w, https:\/\/dev1teicocil.devdg.pt\/wp-content\/uploads\/Capa_3_Cofres-1536x1536.png 1536w, https:\/\/dev1teicocil.devdg.pt\/wp-content\/uploads\/Capa_3_Cofres-2048x2048.png 2048w\" sizes=\"(max-width: 2500px) 100vw, 2500px\" \/><\/a><\/figure><div class=\"elementor-image-box-content\"><h3 class=\"elementor-image-box-title\"><a href=\"\/en\/cofres\/\">Safes<\/a><\/h3><\/div><\/div>\t\t\t\t<\/div>\n\t\t\t\t<div class=\"elementor-element elementor-element-6f65c9a elementor-position-top elementor-widget elementor-widget-image-box\" data-id=\"6f65c9a\" data-element_type=\"widget\" data-settings=\"{&quot;ekit_we_effect_on&quot;:&quot;none&quot;}\" data-widget_type=\"image-box.default\">\n\t\t\t\t\t<div class=\"elementor-image-box-wrapper\"><figure class=\"elementor-image-box-img\"><a href=\"\/en\/ferragens-p-moveis\/\" tabindex=\"-1\"><img loading=\"lazy\" decoding=\"async\" width=\"2500\" height=\"2500\" src=\"https:\/\/dev1teicocil.devdg.pt\/wp-content\/uploads\/Capa_4_Ferrag-p-Moveis.png\" class=\"attachment-full size-full wp-image-743\" alt=\"\" srcset=\"https:\/\/dev1teicocil.devdg.pt\/wp-content\/uploads\/Capa_4_Ferrag-p-Moveis.png 2500w, https:\/\/dev1teicocil.devdg.pt\/wp-content\/uploads\/Capa_4_Ferrag-p-Moveis-300x300.png 300w, https:\/\/dev1teicocil.devdg.pt\/wp-content\/uploads\/Capa_4_Ferrag-p-Moveis-1024x1024.png 1024w, https:\/\/dev1teicocil.devdg.pt\/wp-content\/uploads\/Capa_4_Ferrag-p-Moveis-150x150.png 150w, https:\/\/dev1teicocil.devdg.pt\/wp-content\/uploads\/Capa_4_Ferrag-p-Moveis-768x768.png 768w, https:\/\/dev1teicocil.devdg.pt\/wp-content\/uploads\/Capa_4_Ferrag-p-Moveis-1536x1536.png 1536w, https:\/\/dev1teicocil.devdg.pt\/wp-content\/uploads\/Capa_4_Ferrag-p-Moveis-2048x2048.png 2048w\" sizes=\"(max-width: 2500px) 100vw, 2500px\" \/><\/a><\/figure><div class=\"elementor-image-box-content\"><h3 class=\"elementor-image-box-title\"><a href=\"\/en\/ferragens-p-moveis\/\">Furniture hardware<\/a><\/h3><\/div><\/div>\t\t\t\t<\/div>\n\t\t\t\t<div class=\"elementor-element elementor-element-337568e elementor-position-top elementor-widget elementor-widget-image-box\" data-id=\"337568e\" data-element_type=\"widget\" data-settings=\"{&quot;ekit_we_effect_on&quot;:&quot;none&quot;}\" data-widget_type=\"image-box.default\">\n\t\t\t\t\t<div class=\"elementor-image-box-wrapper\"><figure class=\"elementor-image-box-img\"><a href=\"\/en\/skins\/\" tabindex=\"-1\"><img loading=\"lazy\" decoding=\"async\" width=\"2500\" height=\"2500\" src=\"https:\/\/dev1teicocil.devdg.pt\/wp-content\/uploads\/Capa_5_Skins.png\" class=\"attachment-full size-full wp-image-742\" alt=\"\" srcset=\"https:\/\/dev1teicocil.devdg.pt\/wp-content\/uploads\/Capa_5_Skins.png 2500w, https:\/\/dev1teicocil.devdg.pt\/wp-content\/uploads\/Capa_5_Skins-300x300.png 300w, https:\/\/dev1teicocil.devdg.pt\/wp-content\/uploads\/Capa_5_Skins-1024x1024.png 1024w, https:\/\/dev1teicocil.devdg.pt\/wp-content\/uploads\/Capa_5_Skins-150x150.png 150w, https:\/\/dev1teicocil.devdg.pt\/wp-content\/uploads\/Capa_5_Skins-768x768.png 768w, https:\/\/dev1teicocil.devdg.pt\/wp-content\/uploads\/Capa_5_Skins-1536x1536.png 1536w, https:\/\/dev1teicocil.devdg.pt\/wp-content\/uploads\/Capa_5_Skins-2048x2048.png 2048w\" sizes=\"(max-width: 2500px) 100vw, 2500px\" \/><\/a><\/figure><div class=\"elementor-image-box-content\"><h3 class=\"elementor-image-box-title\"><a href=\"\/en\/skins\/\">Skins<\/a><\/h3><\/div><\/div>\t\t\t\t<\/div>\n\t\t\t\t<div class=\"elementor-element elementor-element-62584fd elementor-position-top elementor-widget elementor-widget-image-box\" data-id=\"62584fd\" data-element_type=\"widget\" data-settings=\"{&quot;ekit_we_effect_on&quot;:&quot;none&quot;}\" data-widget_type=\"image-box.default\">\n\t\t\t\t\t<div class=\"elementor-image-box-wrapper\"><figure class=\"elementor-image-box-img\"><a href=\"\/en\/escadas-e-escadotes\/\" tabindex=\"-1\"><img loading=\"lazy\" decoding=\"async\" width=\"2500\" height=\"2500\" src=\"https:\/\/dev1teicocil.devdg.pt\/wp-content\/uploads\/Capa_6_Escadas.png\" class=\"attachment-full size-full wp-image-741\" alt=\"\" srcset=\"https:\/\/dev1teicocil.devdg.pt\/wp-content\/uploads\/Capa_6_Escadas.png 2500w, https:\/\/dev1teicocil.devdg.pt\/wp-content\/uploads\/Capa_6_Escadas-300x300.png 300w, https:\/\/dev1teicocil.devdg.pt\/wp-content\/uploads\/Capa_6_Escadas-1024x1024.png 1024w, https:\/\/dev1teicocil.devdg.pt\/wp-content\/uploads\/Capa_6_Escadas-150x150.png 150w, https:\/\/dev1teicocil.devdg.pt\/wp-content\/uploads\/Capa_6_Escadas-768x768.png 768w, https:\/\/dev1teicocil.devdg.pt\/wp-content\/uploads\/Capa_6_Escadas-1536x1536.png 1536w, https:\/\/dev1teicocil.devdg.pt\/wp-content\/uploads\/Capa_6_Escadas-2048x2048.png 2048w\" sizes=\"(max-width: 2500px) 100vw, 2500px\" \/><\/a><\/figure><div class=\"elementor-image-box-content\"><h3 class=\"elementor-image-box-title\"><a href=\"\/en\/escadas-e-escadotes\/\">Stairs and Step Ladders<\/a><\/h3><\/div><\/div>\t\t\t\t<\/div>\n\t\t\t\t<div class=\"elementor-element elementor-element-1d605d1 elementor-position-top elementor-widget elementor-widget-image-box\" data-id=\"1d605d1\" data-element_type=\"widget\" data-settings=\"{&quot;ekit_we_effect_on&quot;:&quot;none&quot;}\" data-widget_type=\"image-box.default\">\n\t\t\t\t\t<div class=\"elementor-image-box-wrapper\"><figure class=\"elementor-image-box-img\"><a href=\"\/en\/decoracao\/\" tabindex=\"-1\"><img loading=\"lazy\" decoding=\"async\" width=\"2500\" height=\"2500\" src=\"https:\/\/dev1teicocil.devdg.pt\/wp-content\/uploads\/Capa_7_Decoracao.png\" class=\"attachment-full size-full wp-image-740\" alt=\"\" srcset=\"https:\/\/dev1teicocil.devdg.pt\/wp-content\/uploads\/Capa_7_Decoracao.png 2500w, https:\/\/dev1teicocil.devdg.pt\/wp-content\/uploads\/Capa_7_Decoracao-300x300.png 300w, https:\/\/dev1teicocil.devdg.pt\/wp-content\/uploads\/Capa_7_Decoracao-1024x1024.png 1024w, https:\/\/dev1teicocil.devdg.pt\/wp-content\/uploads\/Capa_7_Decoracao-150x150.png 150w, https:\/\/dev1teicocil.devdg.pt\/wp-content\/uploads\/Capa_7_Decoracao-768x768.png 768w, https:\/\/dev1teicocil.devdg.pt\/wp-content\/uploads\/Capa_7_Decoracao-1536x1536.png 1536w, https:\/\/dev1teicocil.devdg.pt\/wp-content\/uploads\/Capa_7_Decoracao-2048x2048.png 2048w\" sizes=\"(max-width: 2500px) 100vw, 2500px\" \/><\/a><\/figure><div class=\"elementor-image-box-content\"><h3 class=\"elementor-image-box-title\"><a href=\"\/en\/decoracao\/\">Decoration<\/a><\/h3><\/div><\/div>\t\t\t\t<\/div>\n\t\t\t\t<div class=\"elementor-element elementor-element-90a4dc9 elementor-position-top elementor-widget elementor-widget-image-box\" data-id=\"90a4dc9\" data-element_type=\"widget\" data-settings=\"{&quot;ekit_we_effect_on&quot;:&quot;none&quot;}\" data-widget_type=\"image-box.default\">\n\t\t\t\t\t<div class=\"elementor-image-box-wrapper\"><figure class=\"elementor-image-box-img\"><a href=\"\/en\/ferramentas-p-contrucao-tefer\/\" tabindex=\"-1\"><img loading=\"lazy\" decoding=\"async\" width=\"2500\" height=\"2500\" src=\"https:\/\/dev1teicocil.devdg.pt\/wp-content\/uploads\/Capa_8_Ferram-TEFER.png\" class=\"attachment-full size-full wp-image-739\" alt=\"\" srcset=\"https:\/\/dev1teicocil.devdg.pt\/wp-content\/uploads\/Capa_8_Ferram-TEFER.png 2500w, https:\/\/dev1teicocil.devdg.pt\/wp-content\/uploads\/Capa_8_Ferram-TEFER-300x300.png 300w, https:\/\/dev1teicocil.devdg.pt\/wp-content\/uploads\/Capa_8_Ferram-TEFER-1024x1024.png 1024w, https:\/\/dev1teicocil.devdg.pt\/wp-content\/uploads\/Capa_8_Ferram-TEFER-150x150.png 150w, https:\/\/dev1teicocil.devdg.pt\/wp-content\/uploads\/Capa_8_Ferram-TEFER-768x768.png 768w, https:\/\/dev1teicocil.devdg.pt\/wp-content\/uploads\/Capa_8_Ferram-TEFER-1536x1536.png 1536w, https:\/\/dev1teicocil.devdg.pt\/wp-content\/uploads\/Capa_8_Ferram-TEFER-2048x2048.png 2048w\" sizes=\"(max-width: 2500px) 100vw, 2500px\" \/><\/a><\/figure><div class=\"elementor-image-box-content\"><h3 class=\"elementor-image-box-title\"><a href=\"\/en\/ferramentas-p-contrucao-tefer\/\">Construction Tools - tEFER<\/a><\/h3><\/div><\/div>\t\t\t\t<\/div>\n\t\t\t\t<div class=\"elementor-element elementor-element-6ab67b4 elementor-position-top elementor-widget elementor-widget-image-box\" data-id=\"6ab67b4\" data-element_type=\"widget\" data-settings=\"{&quot;ekit_we_effect_on&quot;:&quot;none&quot;}\" data-widget_type=\"image-box.default\">\n\t\t\t\t\t<div class=\"elementor-image-box-wrapper\"><figure class=\"elementor-image-box-img\"><a href=\"\/en\/diversos\/\" tabindex=\"-1\"><img loading=\"lazy\" decoding=\"async\" width=\"2500\" height=\"2500\" src=\"https:\/\/dev1teicocil.devdg.pt\/wp-content\/uploads\/Capa_9_Diversos.png\" class=\"attachment-full size-full wp-image-738\" alt=\"\" srcset=\"https:\/\/dev1teicocil.devdg.pt\/wp-content\/uploads\/Capa_9_Diversos.png 2500w, https:\/\/dev1teicocil.devdg.pt\/wp-content\/uploads\/Capa_9_Diversos-300x300.png 300w, https:\/\/dev1teicocil.devdg.pt\/wp-content\/uploads\/Capa_9_Diversos-1024x1024.png 1024w, https:\/\/dev1teicocil.devdg.pt\/wp-content\/uploads\/Capa_9_Diversos-150x150.png 150w, https:\/\/dev1teicocil.devdg.pt\/wp-content\/uploads\/Capa_9_Diversos-768x768.png 768w, https:\/\/dev1teicocil.devdg.pt\/wp-content\/uploads\/Capa_9_Diversos-1536x1536.png 1536w, https:\/\/dev1teicocil.devdg.pt\/wp-content\/uploads\/Capa_9_Diversos-2048x2048.png 2048w\" sizes=\"(max-width: 2500px) 100vw, 2500px\" \/><\/a><\/figure><div class=\"elementor-image-box-content\"><h3 class=\"elementor-image-box-title\"><a href=\"\/en\/diversos\/\">Several<\/a><\/h3><\/div><\/div>\t\t\t\t<\/div>\n\t\t\t\t<div class=\"elementor-element elementor-element-0253cd2 elementor-position-top elementor-widget elementor-widget-image-box\" data-id=\"0253cd2\" data-element_type=\"widget\" data-settings=\"{&quot;ekit_we_effect_on&quot;:&quot;none&quot;}\" data-widget_type=\"image-box.default\">\n\t\t\t\t\t<div class=\"elementor-image-box-wrapper\"><figure class=\"elementor-image-box-img\"><a href=\"\/en\/fixacao\/\" tabindex=\"-1\"><img loading=\"lazy\" decoding=\"async\" width=\"2500\" height=\"2500\" src=\"https:\/\/dev1teicocil.devdg.pt\/wp-content\/uploads\/Capa_10_Fixacao.png\" class=\"attachment-full size-full wp-image-737\" alt=\"\" srcset=\"https:\/\/dev1teicocil.devdg.pt\/wp-content\/uploads\/Capa_10_Fixacao.png 2500w, https:\/\/dev1teicocil.devdg.pt\/wp-content\/uploads\/Capa_10_Fixacao-300x300.png 300w, https:\/\/dev1teicocil.devdg.pt\/wp-content\/uploads\/Capa_10_Fixacao-1024x1024.png 1024w, https:\/\/dev1teicocil.devdg.pt\/wp-content\/uploads\/Capa_10_Fixacao-150x150.png 150w, https:\/\/dev1teicocil.devdg.pt\/wp-content\/uploads\/Capa_10_Fixacao-768x768.png 768w, https:\/\/dev1teicocil.devdg.pt\/wp-content\/uploads\/Capa_10_Fixacao-1536x1536.png 1536w, https:\/\/dev1teicocil.devdg.pt\/wp-content\/uploads\/Capa_10_Fixacao-2048x2048.png 2048w\" sizes=\"(max-width: 2500px) 100vw, 2500px\" \/><\/a><\/figure><div class=\"elementor-image-box-content\"><h3 class=\"elementor-image-box-title\"><a href=\"\/en\/fixacao\/\">Fixation<\/a><\/h3><\/div><\/div>\t\t\t\t<\/div>\n\t\t\t\t\t<\/div>\n\t\t\t\t<\/div>\n\t\t\t\t<\/div>","protected":false},"excerpt":{"rendered":"<p>Cat\u00e1logo Geral Novidades Cat\u00e1logos Ferragens Ferragens para Alum\u00ednio Cofres Ferragens para m\u00f3veis Skins Escadas e Escadotes Decora\u00e7\u00e3o Ferramentas para Constru\u00e7\u00e3o &#8211; tEFER Diversos Fixa\u00e7\u00e3o<\/p>","protected":false},"author":2,"featured_media":0,"parent":0,"menu_order":0,"comment_status":"closed","ping_status":"closed","template":"","meta":{"_acf_changed":false,"footnotes":""},"class_list":["post-728","page","type-page","status-publish","hentry"],"acf":[],"_links":{"self":[{"href":"https:\/\/dev1teicocil.devdg.pt\/en\/wp-json\/wp\/v2\/pages\/728","targetHints":{"allow":["GET"]}}],"collection":[{"href":"https:\/\/dev1teicocil.devdg.pt\/en\/wp-json\/wp\/v2\/pages"}],"about":[{"href":"https:\/\/dev1teicocil.devdg.pt\/en\/wp-json\/wp\/v2\/types\/page"}],"author":[{"embeddable":true,"href":"https:\/\/dev1teicocil.devdg.pt\/en\/wp-json\/wp\/v2\/users\/2"}],"replies":[{"embeddable":true,"href":"https:\/\/dev1teicocil.devdg.pt\/en\/wp-json\/wp\/v2\/comments?post=728"}],"version-history":[{"count":301,"href":"https:\/\/dev1teicocil.devdg.pt\/en\/wp-json\/wp\/v2\/pages\/728\/revisions"}],"predecessor-version":[{"id":2143,"href":"https:\/\/dev1teicocil.devdg.pt\/en\/wp-json\/wp\/v2\/pages\/728\/revisions\/2143"}],"wp:attachment":[{"href":"https:\/\/dev1teicocil.devdg.pt\/en\/wp-json\/wp\/v2\/media?parent=728"}],"curies":[{"name":"wp","href":"https:\/\/api.w.org\/{rel}","templated":true}]}}