{"id":1583,"date":"2025-12-05T16:00:57","date_gmt":"2025-12-05T16:00:57","guid":{"rendered":"https:\/\/dev1teicocil.devdg.pt\/?page_id=1583"},"modified":"2025-12-05T16:03:30","modified_gmt":"2025-12-05T16:03:30","slug":"politica-cookies","status":"publish","type":"page","link":"https:\/\/dev1teicocil.devdg.pt\/en\/politica-cookies\/","title":{"rendered":"Cookie Policy"},"content":{"rendered":"<div data-elementor-type=\"wp-page\" data-elementor-id=\"1583\" class=\"elementor elementor-1583\" data-elementor-post-type=\"page\">\n\t\t\t\t<div class=\"elementor-element elementor-element-3646021 e-flex e-con-boxed e-con e-parent\" data-id=\"3646021\" data-element_type=\"container\" data-settings=\"{&quot;ekit_has_onepagescroll_dot&quot;:&quot;yes&quot;}\">\n\t\t\t\t\t<div class=\"e-con-inner\">\n\t\t\t\t<div class=\"elementor-element elementor-element-32034ba elementor-widget elementor-widget-heading\" data-id=\"32034ba\" data-element_type=\"widget\" data-settings=\"{&quot;ekit_we_effect_on&quot;:&quot;none&quot;}\" data-widget_type=\"heading.default\">\n\t\t\t\t\t<h2 class=\"elementor-heading-title elementor-size-default\">Cookie Policy<\/h2>\t\t\t\t<\/div>\n\t\t\t\t<div class=\"elementor-element elementor-element-7ce56d2 elementor-widget-divider--view-line elementor-widget elementor-widget-divider\" data-id=\"7ce56d2\" data-element_type=\"widget\" data-settings=\"{&quot;ekit_we_effect_on&quot;:&quot;none&quot;}\" data-widget_type=\"divider.default\">\n\t\t\t\t\t\t\t<div class=\"elementor-divider\">\n\t\t\t<span class=\"elementor-divider-separator\">\n\t\t\t\t\t\t<\/span>\n\t\t<\/div>\n\t\t\t\t\t\t<\/div>\n\t\t\t\t<div class=\"elementor-element elementor-element-7c10908 elementor-widget elementor-widget-text-editor\" data-id=\"7c10908\" data-element_type=\"widget\" data-settings=\"{&quot;ekit_we_effect_on&quot;:&quot;none&quot;}\" data-widget_type=\"text-editor.default\">\n\t\t\t\t\t\t\t\t\t<h4 data-start=\"253\" data-end=\"299\"><strong data-start=\"257\" data-end=\"297\">1. Information Collected and Processed<\/strong><\/h4><p data-start=\"300\" data-end=\"512\">By using our <strong data-start=\"322\" data-end=\"334\">services<\/strong>, We collect and process your <strong data-start=\"369\" data-end=\"387\">personal data<\/strong> to offer you a <strong data-start=\"410\" data-end=\"439\">personalized experience<\/strong> and ensure the <strong data-start=\"453\" data-end=\"479\">proper functioning<\/strong> of the website and associated services.<\/p><p data-start=\"514\" data-end=\"546\"><strong data-start=\"514\" data-end=\"544\">Types of Data Collected:<\/strong><\/p><ul data-start=\"547\" data-end=\"1464\"><li data-start=\"547\" data-end=\"633\"><p data-start=\"549\" data-end=\"633\"><strong data-start=\"549\" data-end=\"571\">Contact details:<\/strong> Name, phone number, email address, physical address (e.g., contact forms)<\/p><\/li><li data-start=\"634\" data-end=\"767\"><p data-start=\"636\" data-end=\"767\"><strong data-start=\"636\" data-end=\"671\">Billing and payment information:<\/strong> Card number, bank account, cardholder name, address (e.g., WooCommerce, WP Hotel Booking)<\/p><\/li><li data-start=\"768\" data-end=\"841\"><p data-start=\"770\" data-end=\"841\"><strong data-start=\"770\" data-end=\"785\">Documents:<\/strong> for verifications or booking support (if provided)<\/p><\/li><li data-start=\"842\" data-end=\"906\"><p data-start=\"844\" data-end=\"906\"><strong data-start=\"844\" data-end=\"870\">Access credentials:<\/strong> username, password<\/p><\/li><li data-start=\"907\" data-end=\"1015\"><p data-start=\"909\" data-end=\"1015\"><strong data-start=\"909\" data-end=\"939\">Content submitted by you:<\/strong> photographs, reviews, videos (e.g., social media feeds, testimonials)<\/p><\/li><li data-start=\"1016\" data-end=\"1066\"><p data-start=\"1018\" data-end=\"1066\"><strong data-start=\"1018\" data-end=\"1046\">Geolocation data:<\/strong> when authorized<\/p><\/li><li data-start=\"1067\" data-end=\"1162\"><p data-start=\"1069\" data-end=\"1162\"><strong data-start=\"1069\" data-end=\"1088\">Technical data:<\/strong> IP address, browser, operating system, device identifiers<\/p><\/li><li data-start=\"1163\" data-end=\"1276\"><p data-start=\"1165\" data-end=\"1276\"><strong data-start=\"1165\" data-end=\"1187\">Activity on the site:<\/strong> Pages visited, time spent on the page, interactions (e.g., Elementor, Slider Revolution)<\/p><\/li><li data-start=\"1277\" data-end=\"1316\"><p data-start=\"1279\" data-end=\"1316\"><strong data-start=\"1279\" data-end=\"1314\">Purchase and booking history<\/strong><\/p><\/li><li data-start=\"1317\" data-end=\"1372\"><p data-start=\"1319\" data-end=\"1372\"><strong data-start=\"1319\" data-end=\"1370\">Public login information via social networks<\/strong><\/p><\/li><li data-start=\"1373\" data-end=\"1464\"><p data-start=\"1375\" data-end=\"1464\"><strong data-start=\"1375\" data-end=\"1397\">Third-party data<\/strong> (e.g., companions on reservations), provided that with <strong data-start=\"1445\" data-end=\"1462\">consent<\/strong><\/p><\/li><\/ul><hr data-start=\"1466\" data-end=\"1469\" \/><h4 data-start=\"1471\" data-end=\"1509\"><strong data-start=\"1475\" data-end=\"1507\">2. Purposes of Treatment<\/strong><\/h4><p data-start=\"1510\" data-end=\"1555\">We use your <strong data-start=\"1529\" data-end=\"1547\">personal data<\/strong> to:<\/p><ul data-start=\"1556\" data-end=\"1965\"><li data-start=\"1556\" data-end=\"1615\"><p data-start=\"1558\" data-end=\"1615\">Manage and process <strong data-start=\"1576\" data-end=\"1613\">reservations, orders and payments<\/strong><\/p><\/li><li data-start=\"1616\" data-end=\"1686\"><p data-start=\"1618\" data-end=\"1686\">Communicate with yourself (<strong data-start=\"1637\" data-end=\"1683\">answer questions, send notifications<\/strong>)<\/p><\/li><li data-start=\"1687\" data-end=\"1775\"><p data-start=\"1689\" data-end=\"1775\">To send <strong data-start=\"1696\" data-end=\"1748\">commercial communications, newsletters and promotions<\/strong> (with consent)<\/p><\/li><li data-start=\"1776\" data-end=\"1851\"><p data-start=\"1778\" data-end=\"1851\">Improve our <strong data-start=\"1797\" data-end=\"1809\">services<\/strong> and customize <strong data-start=\"1825\" data-end=\"1849\">content and ads<\/strong><\/p><\/li><li data-start=\"1852\" data-end=\"1900\"><p data-start=\"1854\" data-end=\"1900\">To fulfill <strong data-start=\"1862\" data-end=\"1898\">legal and regulatory obligations<\/strong><\/p><\/li><li data-start=\"1901\" data-end=\"1965\"><p data-start=\"1903\" data-end=\"1965\">Prevent <strong data-start=\"1912\" data-end=\"1923\">fraud<\/strong> and ensure the <strong data-start=\"1937\" data-end=\"1963\">system security<\/strong><\/p><\/li><\/ul><hr data-start=\"1967\" data-end=\"1970\" \/><h4 data-start=\"1972\" data-end=\"2009\"><strong data-start=\"1976\" data-end=\"2007\">3. Consent and Rights<\/strong><\/h4><p data-start=\"2010\" data-end=\"2228\">By using the website, you consent to the processing of your data. <strong data-start=\"2062\" data-end=\"2080\">personal data<\/strong> for the purposes indicated. It can <strong data-start=\"2117\" data-end=\"2144\">withdraw consent<\/strong> at any time, without compromising the legality of the treatment prior to withdrawal.<\/p><p data-start=\"2230\" data-end=\"2249\">You have the right to:<\/p><ul data-start=\"2250\" data-end=\"2564\"><li data-start=\"2250\" data-end=\"2288\"><p data-start=\"2252\" data-end=\"2288\"><strong data-start=\"2252\" data-end=\"2262\">Access<\/strong> your personal data<\/p><\/li><li data-start=\"2289\" data-end=\"2337\"><p data-start=\"2291\" data-end=\"2337\"><strong data-start=\"2291\" data-end=\"2303\">To correct<\/strong> incorrect or incomplete data<\/p><\/li><li data-start=\"2338\" data-end=\"2398\"><p data-start=\"2340\" data-end=\"2398\"><strong data-start=\"2340\" data-end=\"2362\">Request deletion<\/strong> your data (where applicable)<\/p><\/li><li data-start=\"2399\" data-end=\"2458\"><p data-start=\"2401\" data-end=\"2458\"><strong data-start=\"2401\" data-end=\"2412\">Limit<\/strong> or <strong data-start=\"2416\" data-end=\"2427\">to oppose<\/strong> to the processing of your data<\/p><\/li><li data-start=\"2459\" data-end=\"2502\"><p data-start=\"2461\" data-end=\"2502\">Request a <strong data-start=\"2473\" data-end=\"2490\">portability<\/strong> of the data<\/p><\/li><li data-start=\"2503\" data-end=\"2564\"><p data-start=\"2505\" data-end=\"2564\">To present <strong data-start=\"2516\" data-end=\"2555\">complaint to the supervisory authority<\/strong> (CNPD)<\/p><\/li><\/ul><p data-start=\"2566\" data-end=\"2613\">To exercise these rights, contact us at:<\/p><ul data-start=\"2614\" data-end=\"2672\"><li data-start=\"2614\" data-end=\"2644\"><p data-start=\"2616\" data-end=\"2644\">Telephone: +351 967 076 825<\/p><\/li><li data-start=\"2645\" data-end=\"2672\"><p data-start=\"2647\" data-end=\"2672\">E-mail: <a class=\"decorated-link cursor-pointer\" rel=\"noopener\" data-start=\"2654\" data-end=\"2670\">info@teicocil.pt<\/a><\/p><\/li><\/ul><hr data-start=\"2674\" data-end=\"2677\" \/><h4 data-start=\"2679\" data-end=\"2725\"><strong data-start=\"2683\" data-end=\"2723\">4. Cookies and Similar Technologies<\/strong><\/h4><p data-start=\"2726\" data-end=\"2910\">Our website uses <strong data-start=\"2747\" data-end=\"2758\">cookies<\/strong> to optimize your <strong data-start=\"2779\" data-end=\"2792\">navigation<\/strong>, to guarantee <strong data-start=\"2803\" data-end=\"2833\">essential features<\/strong> and customize <strong data-start=\"2849\" data-end=\"2876\">content and advertising<\/strong>. The cookies used include:<\/p><ul data-start=\"2911\" data-end=\"3245\"><li data-start=\"2911\" data-end=\"2971\"><p data-start=\"2913\" data-end=\"2971\"><strong data-start=\"2913\" data-end=\"2928\">Essentials:<\/strong> necessary for the site to function<\/p><\/li><li data-start=\"2972\" data-end=\"3066\"><p data-start=\"2974\" data-end=\"3066\"><strong data-start=\"2974\" data-end=\"2993\">Functionality:<\/strong> to remember preferences and personalize the experience (e.g., Elementor)<\/p><\/li><li data-start=\"3067\" data-end=\"3150\"><p data-start=\"3069\" data-end=\"3150\"><strong data-start=\"3069\" data-end=\"3084\">Analytical:<\/strong> to collect data <strong data-start=\"3105\" data-end=\"3121\">anonymized<\/strong> about using the site<\/p><\/li><li data-start=\"3151\" data-end=\"3245\"><p data-start=\"3153\" data-end=\"3245\"><strong data-start=\"3153\" data-end=\"3167\">Marketing:<\/strong> for advertising campaigns and <strong data-start=\"3199\" data-end=\"3214\">remarketing<\/strong> (e.g., WooCommerce, Mailchimp)<\/p><\/li><\/ul><p data-start=\"3247\" data-end=\"3364\">You can manage your <strong data-start=\"3264\" data-end=\"3287\">acceptance or refusal<\/strong> cookies via the website banner or in <strong data-start=\"3332\" data-end=\"3361\">your browser settings<\/strong>.<\/p><hr data-start=\"3366\" data-end=\"3369\" \/><h4 data-start=\"3371\" data-end=\"3417\"><strong data-start=\"3375\" data-end=\"3415\">5. Data Sharing and Transfer<\/strong><\/h4><p data-start=\"3418\" data-end=\"3668\">Yours <strong data-start=\"3426\" data-end=\"3444\">personal data<\/strong> can be shared with <strong data-start=\"3473\" data-end=\"3489\">suppliers<\/strong> that support the site&#039;s services, such as <strong data-start=\"3529\" data-end=\"3573\">Mailchimp, WooCommerce, WP Hotel Booking<\/strong>, and other entities involved in <strong data-start=\"3608\" data-end=\"3625\">processing<\/strong> or <strong data-start=\"3629\" data-end=\"3665\">compliance with legal obligations<\/strong>.<\/p><p data-start=\"3670\" data-end=\"3833\">The data can be transferred to <strong data-start=\"3707\" data-end=\"3740\">countries outside the European Union<\/strong>, always ensuring a <strong data-start=\"3763\" data-end=\"3793\">adequate level of protection<\/strong> or <strong data-start=\"3797\" data-end=\"3830\">legal safeguards provided<\/strong>.<\/p><hr data-start=\"3835\" data-end=\"3838\" \/><h4 data-start=\"3840\" data-end=\"3876\"><strong data-start=\"3844\" data-end=\"3874\">6. Information Security<\/strong><\/h4><p data-start=\"3877\" data-end=\"4093\">We adopted <strong data-start=\"3886\" data-end=\"3922\">technical and organizational measures<\/strong> to protect their <strong data-start=\"3945\" data-end=\"3963\">personal data<\/strong> against <strong data-start=\"3971\" data-end=\"4037\">unauthorized access, loss, alteration, or improper disclosure.<\/strong>, including <strong data-start=\"4049\" data-end=\"4064\">encryption<\/strong> e <strong data-start=\"4067\" data-end=\"4090\">access control<\/strong>.<\/p><hr data-start=\"4095\" data-end=\"4098\" \/><h4 data-start=\"4100\" data-end=\"4134\"><strong data-start=\"4104\" data-end=\"4132\">7. Data Preservation<\/strong><\/h4><p data-start=\"4135\" data-end=\"4317\">Yours <strong data-start=\"4143\" data-end=\"4152\">data<\/strong> are preserved only by <strong data-start=\"4181\" data-end=\"4201\">time required<\/strong> to fulfill the <strong data-start=\"4218\" data-end=\"4233\">purposes<\/strong> for which they were collected, respecting <strong data-start=\"4278\" data-end=\"4299\">legal obligations<\/strong> conservation.<\/p><hr data-start=\"4319\" data-end=\"4322\" \/><h4 data-start=\"4324\" data-end=\"4362\"><strong data-start=\"4328\" data-end=\"4360\">8. Information about Children<\/strong><\/h4><p data-start=\"4363\" data-end=\"4537\">Our website is not intended for <strong data-start=\"4394\" data-end=\"4416\">children under 13 years old<\/strong> and we do not consciously collect <strong data-start=\"4450\" data-end=\"4480\">children&#039;s personal data<\/strong> without <strong data-start=\"4485\" data-end=\"4534\">consent of parents or legal guardians<\/strong>.<\/p><hr data-start=\"4539\" data-end=\"4542\" \/><h4 data-start=\"4544\" data-end=\"4583\"><strong data-start=\"4548\" data-end=\"4581\">9. Changes to this Policy<\/strong><\/h4><p data-start=\"4584\" data-end=\"4794\">We can update this. <strong data-start=\"4607\" data-end=\"4634\">Privacy Policy<\/strong> Occasionally. Any relevant changes will be communicated through the website, email, or notifications, indicating the <strong data-start=\"4758\" data-end=\"4791\">new effective date<\/strong>.<\/p><hr data-start=\"4796\" data-end=\"4799\" \/><h4 data-start=\"4801\" data-end=\"4819\"><strong data-start=\"4805\" data-end=\"4817\">Contact<\/strong><\/h4><p data-start=\"4820\" data-end=\"4907\">In case of questions, requests or complaints regarding <strong data-start=\"4875\" data-end=\"4890\">privacy<\/strong>, Contact us:<\/p><ul data-start=\"4908\" data-end=\"4966\"><li data-start=\"4908\" data-end=\"4938\"><p data-start=\"4910\" data-end=\"4938\">Telephone: +351 967 076 825<\/p><\/li><li data-start=\"4939\" data-end=\"4966\"><p data-start=\"4941\" data-end=\"4966\">E-mail: <a class=\"decorated-link cursor-pointer\" rel=\"noopener\" data-start=\"4948\" data-end=\"4964\">info@teicocil.pt<\/a><\/p><\/li><\/ul>\t\t\t\t\t\t\t\t<\/div>\n\t\t\t\t\t<\/div>\n\t\t\t\t<\/div>\n\t\t\t\t<\/div>","protected":false},"excerpt":{"rendered":"<p>Pol\u00edtica de Cookies 1. Informa\u00e7\u00e3o Recolhida e Processada Ao utilizar os nossos servi\u00e7os, recolhemos e processamos os seus dados pessoais para lhe oferecer uma experi\u00eancia personalizada e garantir o funcionamento adequado do site e servi\u00e7os associados. Tipos de Dados Recolhidos: Dados de contacto: nome, telefone, email, morada (ex: formul\u00e1rios de contacto) Dados de fatura\u00e7\u00e3o e [&hellip;]<\/p>","protected":false},"author":2,"featured_media":0,"parent":0,"menu_order":0,"comment_status":"closed","ping_status":"closed","template":"","meta":{"_acf_changed":false,"footnotes":""},"class_list":["post-1583","page","type-page","status-publish","hentry"],"acf":[],"_links":{"self":[{"href":"https:\/\/dev1teicocil.devdg.pt\/en\/wp-json\/wp\/v2\/pages\/1583","targetHints":{"allow":["GET"]}}],"collection":[{"href":"https:\/\/dev1teicocil.devdg.pt\/en\/wp-json\/wp\/v2\/pages"}],"about":[{"href":"https:\/\/dev1teicocil.devdg.pt\/en\/wp-json\/wp\/v2\/types\/page"}],"author":[{"embeddable":true,"href":"https:\/\/dev1teicocil.devdg.pt\/en\/wp-json\/wp\/v2\/users\/2"}],"replies":[{"embeddable":true,"href":"https:\/\/dev1teicocil.devdg.pt\/en\/wp-json\/wp\/v2\/comments?post=1583"}],"version-history":[{"count":7,"href":"https:\/\/dev1teicocil.devdg.pt\/en\/wp-json\/wp\/v2\/pages\/1583\/revisions"}],"predecessor-version":[{"id":1594,"href":"https:\/\/dev1teicocil.devdg.pt\/en\/wp-json\/wp\/v2\/pages\/1583\/revisions\/1594"}],"wp:attachment":[{"href":"https:\/\/dev1teicocil.devdg.pt\/en\/wp-json\/wp\/v2\/media?parent=1583"}],"curies":[{"name":"wp","href":"https:\/\/api.w.org\/{rel}","templated":true}]}}